{"id":8,"date":"2024-08-13T13:18:17","date_gmt":"2024-08-13T13:18:17","guid":{"rendered":"https:\/\/bovh.lux-webudvikling.dk\/?page_id=8"},"modified":"2024-08-13T15:21:45","modified_gmt":"2024-08-13T15:21:45","slug":"forside","status":"publish","type":"page","link":"https:\/\/bovh.lux-webudvikling.dk\/","title":{"rendered":"Forside"},"content":{"rendered":"\t\t<div data-elementor-type=\"wp-page\" data-elementor-id=\"8\" class=\"elementor elementor-8\" data-elementor-post-type=\"page\">\n\t\t\t\t<div class=\"elementor-element elementor-element-bc29d27 e-flex e-con-boxed e-con e-parent\" data-id=\"bc29d27\" data-element_type=\"container\" data-settings=\"{&quot;background_background&quot;:&quot;classic&quot;}\">\n\t\t\t\t\t<div class=\"e-con-inner\">\n\t\t\t\t<div class=\"elementor-element elementor-element-5174b9e elementor-widget elementor-widget-heading\" data-id=\"5174b9e\" data-element_type=\"widget\" data-widget_type=\"heading.default\">\n\t\t\t\t<div class=\"elementor-widget-container\">\n\t\t\t<style>\/*! elementor - v3.23.0 - 05-08-2024 *\/\n.elementor-heading-title{padding:0;margin:0;line-height:1}.elementor-widget-heading .elementor-heading-title[class*=elementor-size-]>a{color:inherit;font-size:inherit;line-height:inherit}.elementor-widget-heading .elementor-heading-title.elementor-size-small{font-size:15px}.elementor-widget-heading .elementor-heading-title.elementor-size-medium{font-size:19px}.elementor-widget-heading .elementor-heading-title.elementor-size-large{font-size:29px}.elementor-widget-heading .elementor-heading-title.elementor-size-xl{font-size:39px}.elementor-widget-heading .elementor-heading-title.elementor-size-xxl{font-size:59px}<\/style><span class=\"elementor-heading-title elementor-size-default\">Br\u00f8d & Vin<\/span>\t\t<\/div>\n\t\t\t\t<\/div>\n\t\t\t\t<div class=\"elementor-element elementor-element-4073101 elementor-widget elementor-widget-heading\" data-id=\"4073101\" data-element_type=\"widget\" data-widget_type=\"heading.default\">\n\t\t\t\t<div class=\"elementor-widget-container\">\n\t\t\t<h1 class=\"elementor-heading-title elementor-size-default\">\nEt uds\u00f8gt, aparte venskab mellem\nSm\u00f8rrebr\u00f8d & Vin\n<\/h1>\t\t<\/div>\n\t\t\t\t<\/div>\n\t\t<div class=\"elementor-element elementor-element-a610599 e-con-full e-flex e-con e-child\" data-id=\"a610599\" data-element_type=\"container\">\n\t\t\t\t<div class=\"elementor-element elementor-element-50ec6b9 elementor-align-center elementor-widget elementor-widget-button\" data-id=\"50ec6b9\" data-element_type=\"widget\" data-widget_type=\"button.default\">\n\t\t\t\t<div class=\"elementor-widget-container\">\n\t\t\t\t\t<div class=\"elementor-button-wrapper\">\n\t\t\t<a class=\"elementor-button elementor-button-link elementor-size-sm elementor-animation-grow\" href=\"#\">\n\t\t\t\t\t\t<span class=\"elementor-button-content-wrapper\">\n\t\t\t\t\t\t\t\t\t<span class=\"elementor-button-text\">Arrangementer<\/span>\n\t\t\t\t\t<\/span>\n\t\t\t\t\t<\/a>\n\t\t<\/div>\n\t\t\t\t<\/div>\n\t\t\t\t<\/div>\n\t\t\t\t<div class=\"elementor-element elementor-element-29f9c28 elementor-align-center elementor-widget elementor-widget-button\" data-id=\"29f9c28\" data-element_type=\"widget\" data-widget_type=\"button.default\">\n\t\t\t\t<div class=\"elementor-widget-container\">\n\t\t\t\t\t<div class=\"elementor-button-wrapper\">\n\t\t\t<a class=\"elementor-button elementor-button-link elementor-size-sm elementor-animation-grow\" href=\"#\">\n\t\t\t\t\t\t<span class=\"elementor-button-content-wrapper\">\n\t\t\t\t\t\t\t\t\t<span class=\"elementor-button-text\">Book bord<\/span>\n\t\t\t\t\t<\/span>\n\t\t\t\t\t<\/a>\n\t\t<\/div>\n\t\t\t\t<\/div>\n\t\t\t\t<\/div>\n\t\t\t\t<\/div>\n\t\t\t\t\t<\/div>\n\t\t\t\t<\/div>\n\t\t<div class=\"elementor-element elementor-element-4884e87 e-flex e-con-boxed e-con e-parent\" data-id=\"4884e87\" data-element_type=\"container\">\n\t\t\t\t\t<div class=\"e-con-inner\">\n\t\t<div class=\"elementor-element elementor-element-af79e24 e-con-full e-flex e-con e-child\" data-id=\"af79e24\" data-element_type=\"container\">\n\t\t\t\t<div class=\"elementor-element elementor-element-f6bd710 elementor-widget elementor-widget-heading\" data-id=\"f6bd710\" data-element_type=\"widget\" data-widget_type=\"heading.default\">\n\t\t\t\t<div class=\"elementor-widget-container\">\n\t\t\t<h2 class=\"elementor-heading-title elementor-size-default\">Tilf\u00f8j din overskrift her<\/h2>\t\t<\/div>\n\t\t\t\t<\/div>\n\t\t\t\t<\/div>\n\t\t<div class=\"elementor-element elementor-element-8a39b14 e-con-full e-flex e-con e-child\" data-id=\"8a39b14\" data-element_type=\"container\">\n\t\t\t\t<div class=\"elementor-element elementor-element-963f2b0 elementor-widget elementor-widget-image\" data-id=\"963f2b0\" data-element_type=\"widget\" data-widget_type=\"image.default\">\n\t\t\t\t<div class=\"elementor-widget-container\">\n\t\t\t\t\t\t\t\t\t\t\t\t\t<img fetchpriority=\"high\" decoding=\"async\" width=\"800\" height=\"534\" src=\"https:\/\/bovh.lux-webudvikling.dk\/wp-content\/uploads\/2024\/08\/AdobeStock_206232151-scaled-1-1024x683.jpeg\" class=\"attachment-large size-large wp-image-49\" alt=\"\" srcset=\"https:\/\/bovh.lux-webudvikling.dk\/wp-content\/uploads\/2024\/08\/AdobeStock_206232151-scaled-1-1024x683.jpeg 1024w, https:\/\/bovh.lux-webudvikling.dk\/wp-content\/uploads\/2024\/08\/AdobeStock_206232151-scaled-1-300x200.jpeg 300w, https:\/\/bovh.lux-webudvikling.dk\/wp-content\/uploads\/2024\/08\/AdobeStock_206232151-scaled-1-768x512.jpeg 768w, https:\/\/bovh.lux-webudvikling.dk\/wp-content\/uploads\/2024\/08\/AdobeStock_206232151-scaled-1-1536x1025.jpeg 1536w, https:\/\/bovh.lux-webudvikling.dk\/wp-content\/uploads\/2024\/08\/AdobeStock_206232151-scaled-1-2048x1366.jpeg 2048w\" sizes=\"(max-width: 800px) 100vw, 800px\" \/>\t\t\t\t\t\t\t\t\t\t\t\t\t<\/div>\n\t\t\t\t<\/div>\n\t\t\t\t<\/div>\n\t\t\t\t\t<\/div>\n\t\t\t\t<\/div>\n\t\t\t\t<\/div>\n\t\t","protected":false},"excerpt":{"rendered":"<p>Br\u00f8d &#038; Vin Et uds\u00f8gt, aparte venskab mellem Sm\u00f8rrebr\u00f8d &#038; Vin Arrangementer Book bord Tilf\u00f8j din overskrift her<\/p>\n","protected":false},"author":1,"featured_media":0,"parent":0,"menu_order":0,"comment_status":"closed","ping_status":"closed","template":"elementor_header_footer","meta":{"footnotes":""},"class_list":["post-8","page","type-page","status-publish","hentry"],"_links":{"self":[{"href":"https:\/\/bovh.lux-webudvikling.dk\/index.php?rest_route=\/wp\/v2\/pages\/8","targetHints":{"allow":["GET"]}}],"collection":[{"href":"https:\/\/bovh.lux-webudvikling.dk\/index.php?rest_route=\/wp\/v2\/pages"}],"about":[{"href":"https:\/\/bovh.lux-webudvikling.dk\/index.php?rest_route=\/wp\/v2\/types\/page"}],"author":[{"embeddable":true,"href":"https:\/\/bovh.lux-webudvikling.dk\/index.php?rest_route=\/wp\/v2\/users\/1"}],"replies":[{"embeddable":true,"href":"https:\/\/bovh.lux-webudvikling.dk\/index.php?rest_route=%2Fwp%2Fv2%2Fcomments&post=8"}],"version-history":[{"count":13,"href":"https:\/\/bovh.lux-webudvikling.dk\/index.php?rest_route=\/wp\/v2\/pages\/8\/revisions"}],"predecessor-version":[{"id":56,"href":"https:\/\/bovh.lux-webudvikling.dk\/index.php?rest_route=\/wp\/v2\/pages\/8\/revisions\/56"}],"wp:attachment":[{"href":"https:\/\/bovh.lux-webudvikling.dk\/index.php?rest_route=%2Fwp%2Fv2%2Fmedia&parent=8"}],"curies":[{"name":"wp","href":"https:\/\/api.w.org\/{rel}","templated":true}]}}